{"id":324091,"date":"2023-05-07T16:06:33","date_gmt":"2023-05-07T23:06:33","guid":{"rendered":"https:\/\/sdnews.com\/?page_id=324091"},"modified":"2023-05-07T16:06:33","modified_gmt":"2023-05-07T23:06:33","slug":"subscriptions-support","status":"publish","type":"page","link":"https:\/\/test.sdnews.com\/es\/subscriptions-support\/","title":{"rendered":"Suscripciones\/Soporte"},"content":{"rendered":"<div class=\"wpb-content-wrapper\"><div class=\"row vc_row wpb_row vc_row-fluid\"><div class=\"jeg-vc-wrapper\"><div class=\"wpb_column jeg_column vc_column_container vc_col-sm-12 jeg_main_content\"><div class=\"jeg_wrapper wpb_wrapper\">\n\t<div class=\"wpb_text_column wpb_content_element\" >\n\t\t<div class=\"wpb_wrapper\">\n\t\t\t<h2>Quejas de entrega<\/h2>\n<p class=\"pageTitleDesc\">Contacto\u00a0<a href=\"mailto:cmcnewsdelivery@gmail.com\" target=\"-blank\" rel=\"noopener\">CMC Delivery<\/a>\u00a0for any delivery inquiries or complaints.<\/p>\n<h2>Suscripciones<\/h2>\n<ul>\n<li>12 issues \u2013 $21.00<\/li>\n<li>26 issues \u2013 $45.00<\/li>\n<\/ul>\n<p><em>Todas las suscripciones se env\u00edan por correo el d\u00eda de la publicaci\u00f3n.<\/em><\/p>\n\n\t\t<\/div>\n\t<\/div>\n<\/div><\/div><\/div><\/div>\n<\/div>","protected":false},"excerpt":{"rendered":"Delivery Complaints Contact\u00a0CMC Delivery\u00a0for any delivery inquiries or complaints. Subscriptions 12 issues \u2013 $21.00 26 issues \u2013 $45.00 All subscriptions are mailed on day of publication.","protected":false},"author":1502,"featured_media":0,"parent":0,"menu_order":0,"comment_status":"closed","ping_status":"closed","template":"","meta":{"_seopress_robots_primary_cat":"","_seopress_titles_title":"","_seopress_titles_desc":"","_seopress_robots_index":"","jnews_page_loop":{"enable_page_loop":"0","first_title":"Latest Post","second_title":"","header_type":"heading_6","header_background":"","header_text_color":"","layout":"right-sidebar","sidebar":"default-sidebar","second_sidebar":"default-sidebar","sticky_sidebar":"1","module":"3","boxed":"0","boxed_shadow":"0","box_shadow":"0","excerpt_length":"20","content_date":"default","date_custom":"Y\/m\/d","content_pagination":"nav_1","pagination_align":"center","show_navtext":"0","show_pageinfo":"0","post_offset":"0","posts_per_page":"5","include_post":"","exclude_post":"","include_category":"","exclude_category":"","include_author":"","include_tag":"","exclude_tag":"","sort_by":"latest"},"jnews_single_page":{"layout":"no-sidebar","sidebar":"default-sidebar","second_sidebar":"default-sidebar","sticky_sidebar":"1","show_post_featured":"1","show_post_meta":"0","share_position":"top","share_color":"share-monocrhome"},"jnews_social_meta":{"fb_title":"","fb_description":"","fb_image":"","twitter_title":"","twitter_description":"","twitter_image":""},"footnotes":""},"class_list":["post-324091","page","type-page","status-publish","hentry"],"_links":{"self":[{"href":"https:\/\/test.sdnews.com\/es\/wp-json\/wp\/v2\/pages\/324091","targetHints":{"allow":["GET"]}}],"collection":[{"href":"https:\/\/test.sdnews.com\/es\/wp-json\/wp\/v2\/pages"}],"about":[{"href":"https:\/\/test.sdnews.com\/es\/wp-json\/wp\/v2\/types\/page"}],"author":[{"embeddable":true,"href":"https:\/\/test.sdnews.com\/es\/wp-json\/wp\/v2\/users\/1502"}],"replies":[{"embeddable":true,"href":"https:\/\/test.sdnews.com\/es\/wp-json\/wp\/v2\/comments?post=324091"}],"version-history":[{"count":1,"href":"https:\/\/test.sdnews.com\/es\/wp-json\/wp\/v2\/pages\/324091\/revisions"}],"predecessor-version":[{"id":324094,"href":"https:\/\/test.sdnews.com\/es\/wp-json\/wp\/v2\/pages\/324091\/revisions\/324094"}],"wp:attachment":[{"href":"https:\/\/test.sdnews.com\/es\/wp-json\/wp\/v2\/media?parent=324091"}],"curies":[{"name":"wp","href":"https:\/\/api.w.org\/{rel}","templated":true}]}}